{"id":25,"date":"2017-05-25T14:47:00","date_gmt":"2017-05-25T12:47:00","guid":{"rendered":"http:\/\/leclosdescheminees.info\/?page_id=25"},"modified":"2023-05-23T18:04:34","modified_gmt":"2023-05-23T16:04:34","slug":"accueil","status":"publish","type":"page","link":"https:\/\/leclosdescheminees.info\/","title":{"rendered":""},"content":{"rendered":"<div id=\"metaslider-id-115\" style=\"width: 100%; margin: 0 auto;\" class=\"ml-slider-3-94-0 metaslider metaslider-nivo metaslider-115 ml-slider ms-theme-default\" role=\"region\" aria-roledescription=\"Slideshow\" aria-label=\"Page d&#039;accueil\">\n    <div id=\"metaslider_container_115\">\n        <div class='slider-wrapper theme-default'><div class='ribbon'><\/div><div id='metaslider_115' class='nivoSlider'><img width=\"4266\" height=\"3200\" src=\"https:\/\/leclosdescheminees.info\/wp-content\/uploads\/2023\/03\/1.1.accueil-cocktail-home.jpg\" class=\"slider-115 slide-592\" alt=\"\" decoding=\"async\" loading=\"lazy\" data-caption=\"\" data-thumb=\"\" title=\"1.1.accueil-cocktail-home\" rel=\"\" srcset=\"https:\/\/leclosdescheminees.info\/wp-content\/uploads\/2023\/03\/1.1.accueil-cocktail-home.jpg 4266w, https:\/\/leclosdescheminees.info\/wp-content\/uploads\/2023\/03\/1.1.accueil-cocktail-home-300x225.jpg 300w, https:\/\/leclosdescheminees.info\/wp-content\/uploads\/2023\/03\/1.1.accueil-cocktail-home-768x576.jpg 768w, https:\/\/leclosdescheminees.info\/wp-content\/uploads\/2023\/03\/1.1.accueil-cocktail-home-1024x768.jpg 1024w\" sizes=\"(max-width: 4266px) 100vw, 4266px\" \/><img width=\"4266\" height=\"3200\" src=\"https:\/\/leclosdescheminees.info\/wp-content\/uploads\/2023\/03\/1.2.accueil-salle.jpg\" class=\"slider-115 slide-593\" alt=\"\" decoding=\"async\" loading=\"lazy\" data-caption=\"\" data-thumb=\"\" title=\"1.2.accueil-salle\" rel=\"\" srcset=\"https:\/\/leclosdescheminees.info\/wp-content\/uploads\/2023\/03\/1.2.accueil-salle.jpg 4266w, https:\/\/leclosdescheminees.info\/wp-content\/uploads\/2023\/03\/1.2.accueil-salle-300x225.jpg 300w, https:\/\/leclosdescheminees.info\/wp-content\/uploads\/2023\/03\/1.2.accueil-salle-768x576.jpg 768w, https:\/\/leclosdescheminees.info\/wp-content\/uploads\/2023\/03\/1.2.accueil-salle-1024x768.jpg 1024w\" sizes=\"(max-width: 4266px) 100vw, 4266px\" \/><img width=\"4266\" height=\"3200\" src=\"https:\/\/leclosdescheminees.info\/wp-content\/uploads\/2023\/03\/1.3.accueil-porche-home.jpg\" class=\"slider-115 slide-594\" alt=\"\" decoding=\"async\" loading=\"lazy\" data-caption=\"\" data-thumb=\"\" title=\"1.3.accueil-porche-home\" rel=\"\" srcset=\"https:\/\/leclosdescheminees.info\/wp-content\/uploads\/2023\/03\/1.3.accueil-porche-home.jpg 4266w, https:\/\/leclosdescheminees.info\/wp-content\/uploads\/2023\/03\/1.3.accueil-porche-home-300x225.jpg 300w, https:\/\/leclosdescheminees.info\/wp-content\/uploads\/2023\/03\/1.3.accueil-porche-home-768x576.jpg 768w, https:\/\/leclosdescheminees.info\/wp-content\/uploads\/2023\/03\/1.3.accueil-porche-home-1024x768.jpg 1024w\" sizes=\"(max-width: 4266px) 100vw, 4266px\" \/><img width=\"755\" height=\"565\" src=\"https:\/\/leclosdescheminees.info\/wp-content\/uploads\/2023\/05\/slide-home.png\" class=\"slider-115 slide-932\" alt=\"\" decoding=\"async\" loading=\"lazy\" data-caption=\"\" data-thumb=\"\" title=\"slide-home\" rel=\"\" srcset=\"https:\/\/leclosdescheminees.info\/wp-content\/uploads\/2023\/05\/slide-home.png 755w, https:\/\/leclosdescheminees.info\/wp-content\/uploads\/2023\/05\/slide-home-300x225.png 300w\" sizes=\"(max-width: 755px) 100vw, 755px\" \/><img width=\"1600\" height=\"1200\" src=\"https:\/\/leclosdescheminees.info\/wp-content\/uploads\/2023\/03\/1.4.acceuil-exterieur-04.jpeg\" class=\"slider-115 slide-595\" alt=\"\" decoding=\"async\" loading=\"lazy\" data-caption=\"\" data-thumb=\"\" title=\"1.4.acceuil-exterieur-04\" rel=\"\" srcset=\"https:\/\/leclosdescheminees.info\/wp-content\/uploads\/2023\/03\/1.4.acceuil-exterieur-04.jpeg 1600w, https:\/\/leclosdescheminees.info\/wp-content\/uploads\/2023\/03\/1.4.acceuil-exterieur-04-300x225.jpeg 300w, https:\/\/leclosdescheminees.info\/wp-content\/uploads\/2023\/03\/1.4.acceuil-exterieur-04-768x576.jpeg 768w, https:\/\/leclosdescheminees.info\/wp-content\/uploads\/2023\/03\/1.4.acceuil-exterieur-04-1024x768.jpeg 1024w\" sizes=\"(max-width: 1600px) 100vw, 1600px\" \/><\/div><\/div>\n        \n    <\/div>\n<\/div>\n<p>&nbsp;<\/p>\n<p>V\u00e9ritable petit hameau de douceur et de tranquillit\u00e9, le Clos des Chemin\u00e9es vous accueille \u00e0 seulement une heure et demie de Paris pour vous faire vivre une r\u00e9ception inoubliable avec une vue imprenable sur les collines du Perche.<\/p>\n<h6><span style=\"color: #ff6600;\">Salle de r\u00e9ception<\/span><\/h6>\n<p>Le Clos des Chemin\u00e9es sera heureux de vous accueillir. Banquet, mariage, r\u00e9ception, soir\u00e9e priv\u00e9e ou s\u00e9minaire, vous trouverez votre bonheur en franchissant les portes de ce somptueux domaine.<\/p>\n<h6><span style=\"color: #ff6600;\">Espaces et capacit\u00e9s<\/span><\/h6>\n<p>Pour que votre grande c\u00e9l\u00e9bration marque les esprits, invitez vos convives dans cet endroit de charme alliant l&rsquo;authenticit\u00e9 de la pierre de taille avec la nature. Vous pourrez recevoir environ 300 personnes dans une grande salle avec plafond \u00e0 la fran\u00e7aise et chemin\u00e9e monumentale.<br \/>\n\u00c0 l\u2019ext\u00e9rieur s\u2019ouvre \u00e0 vous un paysage vallonn\u00e9 avec son charmant verger offrant une vue exceptionnelle sur les ch\u00eanes centenaires et un paysage de qui\u00e9tude. Cet endroit pourra \u00e9galement \u00eatre un d\u00e9cor de choix pour la r\u00e9alisation des photos de votre \u00e9v\u00e8nement.<\/p>\n<h6><span style=\"color: #ff6600;\">Localisation<\/span><\/h6>\n<p><a href=\"https:\/\/www.google.fr\/maps\/place\/Le+Clos+des+chemin%C3%A9es,+Les+r%C3%A9hardi%C3%A8res\/@48.5374497,0.7439868,17z\/data=!3m1!4b1!4m5!3m4!1s0x47e3cdeabf2e6ce7:0xa511842b13e1a597!8m2!3d48.5374497!4d0.7461755\" target=\"_blank\" rel=\"noopener noreferrer\"><img decoding=\"async\" loading=\"lazy\" class=\"alignright wp-image-74 size-full\" src=\"http:\/\/leclosdescheminees.info\/wp-content\/uploads\/2017\/05\/plan.jpg\" alt=\"\" width=\"282\" height=\"235\"><\/a><\/p>\n<div class=\"page\" title=\"Page 1\">\n<div class=\"section\">\n<div class=\"layoutArea\">\n<div class=\"column\">\n<p style=\"padding-left: 30px;\"><span style=\"color: #ff6600;\">A\u0300 1h45 de Paris,<\/span> par la RN 12 (1) ou par l\u2019A10 (2) via Chartres, le Clos des Chemine\u0301es se situe dans le Parc re\u0301gional Naturel du Perche, a\u0300 1 km du centre du bourg de Longny-au-Perche. Re\u0301gion aux paysages de charme, riche en architecture historique (de nombreux manoirs du 15e sie\u0300cle, e\u0301glises et villages typiques&#8230;) le Perche vous accueillera pour des moments de grand ressourcement, tout proche de la capitale !<\/p>\n<p style=\"padding-left: 30px;\">(1) <span style=\"color: #ff6600;\">Sortie Paris Porte de Saint-Cloud ou porte de Cha\u0302tillon<\/span>, prendre la RN12 jusqu\u2019a\u0300 la sortie \u00ab Tourouvre\/ Longny-au-Perche \u00bb, 15 mn apre\u0300s Verneuil sur Avre.<br \/>\nLe Clos des Chemine\u0301es se trouve sur les hauteurs de Longny-au-Perche, avant l\u2019entre\u0301e du village.<\/p>\n<p style=\"padding-left: 30px;\">Au rond-point des Re\u0301hardie\u0300res prendre la sortie \u00ab Le Clos des Chemine\u0301es \u00bb.<\/p>\n<p style=\"padding-left: 30px;\">(2) <span style=\"color: #ff6600;\">Sortie Paris Porte d\u2019Orle\u0301ans<\/span>, prendre la A10 apre\u0300s la barrie\u0300re de Saint-Arnoult. Sortir a\u0300 Chartres puis direction Courville-sur-Eure, La Loupe, La Madeleine-Bouvet puis Longny-au- Perche.<br \/>\nTraverser le village de Longny et prendre la direction de l\u2019Aigle.<\/p>\n<p style=\"padding-left: 30px;\">Le Clos des Chemine\u0301es se trouvera 500 m apre\u0300s la sortie du village, sur votre gauche. Au rond-point des Re\u0301hardie\u0300res prendre la dernie\u0300re sortie \u00ab Le Clos des Chemine\u0301es \u00bb.<\/p>\n<p style=\"padding-left: 30px;\"><span style=\"color: #ff9900;\"><span style=\"color: #ff6600;\">Coordonne\u0301es GPS<\/span><\/span><strong><span style=\"color: #ff9900;\"><br \/>\n<\/span><\/strong>Latitude : 48\u00b0 32\u2032 25,17\u2032\u2032 Nord \u00b0<br \/>\n44\u2032 45,05\u2032\u2032 Est<\/p>\n<\/div>\n<\/div>\n<\/div>\n<\/div>\n","protected":false},"excerpt":{"rendered":"<p>&nbsp; V\u00e9ritable petit hameau de douceur et de tranquillit\u00e9, le Clos des Chemin\u00e9es vous accueille \u00e0 seulement une heure et demie de Paris pour vous faire vivre une r\u00e9ception inoubliable avec une vue imprenable sur les collines du Perche. Salle&hellip; <\/p>\n","protected":false},"author":1,"featured_media":0,"parent":0,"menu_order":0,"comment_status":"closed","ping_status":"closed","template":"","meta":{"ngg_post_thumbnail":0},"yoast_head":"<!-- This site is optimized with the Yoast SEO plugin v21.8 - https:\/\/yoast.com\/wordpress\/plugins\/seo\/ -->\n<title>- Le Clos des Chemin\u00e9es<\/title>\n<meta name=\"description\" content=\"Salle de r\u00e9ception au coeur du Perche, le Clos des Chemin\u00e9es vous accueille pour vos \u00e9v\u00e8nements, mariages et s\u00e9minaires \u00e0 1H30 de Paris.\" \/>\n<meta name=\"robots\" content=\"index, follow, max-snippet:-1, max-image-preview:large, max-video-preview:-1\" \/>\n<link rel=\"canonical\" href=\"https:\/\/leclosdescheminees.info\/\" \/>\n<meta property=\"og:locale\" content=\"fr_FR\" \/>\n<meta property=\"og:type\" content=\"article\" \/>\n<meta property=\"og:title\" content=\"- Le Clos des Chemin\u00e9es\" \/>\n<meta property=\"og:description\" content=\"Salle de r\u00e9ception au coeur du Perche, le Clos des Chemin\u00e9es vous accueille pour vos \u00e9v\u00e8nements, mariages et s\u00e9minaires \u00e0 1H30 de Paris.\" \/>\n<meta property=\"og:url\" content=\"https:\/\/leclosdescheminees.info\/\" \/>\n<meta property=\"og:site_name\" content=\"Le Clos des Chemin\u00e9es\" \/>\n<meta property=\"article:modified_time\" content=\"2023-05-23T16:04:34+00:00\" \/>\n<meta property=\"og:image\" content=\"http:\/\/leclosdescheminees.info\/wp-content\/uploads\/2017\/05\/plan.jpg\" \/>\n<meta name=\"twitter:card\" content=\"summary_large_image\" \/>\n<meta name=\"twitter:label1\" content=\"Dur\u00e9e de lecture estim\u00e9e\" \/>\n\t<meta name=\"twitter:data1\" content=\"3 minutes\" \/>\n<script type=\"application\/ld+json\" class=\"yoast-schema-graph\">{\"@context\":\"https:\/\/schema.org\",\"@graph\":[{\"@type\":\"WebPage\",\"@id\":\"https:\/\/leclosdescheminees.info\/\",\"url\":\"https:\/\/leclosdescheminees.info\/\",\"name\":\"- Le Clos des Chemin\u00e9es\",\"isPartOf\":{\"@id\":\"https:\/\/leclosdescheminees.info\/#website\"},\"datePublished\":\"2017-05-25T12:47:00+00:00\",\"dateModified\":\"2023-05-23T16:04:34+00:00\",\"description\":\"Salle de r\u00e9ception au coeur du Perche, le Clos des Chemin\u00e9es vous accueille pour vos \u00e9v\u00e8nements, mariages et s\u00e9minaires \u00e0 1H30 de Paris.\",\"inLanguage\":\"fr-FR\",\"potentialAction\":[{\"@type\":\"ReadAction\",\"target\":[\"https:\/\/leclosdescheminees.info\/\"]}]},{\"@type\":\"WebSite\",\"@id\":\"https:\/\/leclosdescheminees.info\/#website\",\"url\":\"https:\/\/leclosdescheminees.info\/\",\"name\":\"Le Clos des Chemin\u00e9es\",\"description\":\"Mariages, banquets, s\u00e9minaires, bals, spectacles\",\"potentialAction\":[{\"@type\":\"SearchAction\",\"target\":{\"@type\":\"EntryPoint\",\"urlTemplate\":\"https:\/\/leclosdescheminees.info\/?s={search_term_string}\"},\"query-input\":\"required name=search_term_string\"}],\"inLanguage\":\"fr-FR\"}]}<\/script>\n<!-- \/ Yoast SEO plugin. -->","yoast_head_json":{"title":"- Le Clos des Chemin\u00e9es","description":"Salle de r\u00e9ception au coeur du Perche, le Clos des Chemin\u00e9es vous accueille pour vos \u00e9v\u00e8nements, mariages et s\u00e9minaires \u00e0 1H30 de Paris.","robots":{"index":"index","follow":"follow","max-snippet":"max-snippet:-1","max-image-preview":"max-image-preview:large","max-video-preview":"max-video-preview:-1"},"canonical":"https:\/\/leclosdescheminees.info\/","og_locale":"fr_FR","og_type":"article","og_title":"- Le Clos des Chemin\u00e9es","og_description":"Salle de r\u00e9ception au coeur du Perche, le Clos des Chemin\u00e9es vous accueille pour vos \u00e9v\u00e8nements, mariages et s\u00e9minaires \u00e0 1H30 de Paris.","og_url":"https:\/\/leclosdescheminees.info\/","og_site_name":"Le Clos des Chemin\u00e9es","article_modified_time":"2023-05-23T16:04:34+00:00","og_image":[{"url":"http:\/\/leclosdescheminees.info\/wp-content\/uploads\/2017\/05\/plan.jpg"}],"twitter_card":"summary_large_image","twitter_misc":{"Dur\u00e9e de lecture estim\u00e9e":"3 minutes"},"schema":{"@context":"https:\/\/schema.org","@graph":[{"@type":"WebPage","@id":"https:\/\/leclosdescheminees.info\/","url":"https:\/\/leclosdescheminees.info\/","name":"- Le Clos des Chemin\u00e9es","isPartOf":{"@id":"https:\/\/leclosdescheminees.info\/#website"},"datePublished":"2017-05-25T12:47:00+00:00","dateModified":"2023-05-23T16:04:34+00:00","description":"Salle de r\u00e9ception au coeur du Perche, le Clos des Chemin\u00e9es vous accueille pour vos \u00e9v\u00e8nements, mariages et s\u00e9minaires \u00e0 1H30 de Paris.","inLanguage":"fr-FR","potentialAction":[{"@type":"ReadAction","target":["https:\/\/leclosdescheminees.info\/"]}]},{"@type":"WebSite","@id":"https:\/\/leclosdescheminees.info\/#website","url":"https:\/\/leclosdescheminees.info\/","name":"Le Clos des Chemin\u00e9es","description":"Mariages, banquets, s\u00e9minaires, bals, spectacles","potentialAction":[{"@type":"SearchAction","target":{"@type":"EntryPoint","urlTemplate":"https:\/\/leclosdescheminees.info\/?s={search_term_string}"},"query-input":"required name=search_term_string"}],"inLanguage":"fr-FR"}]}},"_links":{"self":[{"href":"https:\/\/leclosdescheminees.info\/index.php\/wp-json\/wp\/v2\/pages\/25"}],"collection":[{"href":"https:\/\/leclosdescheminees.info\/index.php\/wp-json\/wp\/v2\/pages"}],"about":[{"href":"https:\/\/leclosdescheminees.info\/index.php\/wp-json\/wp\/v2\/types\/page"}],"author":[{"embeddable":true,"href":"https:\/\/leclosdescheminees.info\/index.php\/wp-json\/wp\/v2\/users\/1"}],"replies":[{"embeddable":true,"href":"https:\/\/leclosdescheminees.info\/index.php\/wp-json\/wp\/v2\/comments?post=25"}],"version-history":[{"count":33,"href":"https:\/\/leclosdescheminees.info\/index.php\/wp-json\/wp\/v2\/pages\/25\/revisions"}],"predecessor-version":[{"id":929,"href":"https:\/\/leclosdescheminees.info\/index.php\/wp-json\/wp\/v2\/pages\/25\/revisions\/929"}],"wp:attachment":[{"href":"https:\/\/leclosdescheminees.info\/index.php\/wp-json\/wp\/v2\/media?parent=25"}],"curies":[{"name":"wp","href":"https:\/\/api.w.org\/{rel}","templated":true}]}}