{"id":26,"date":"2017-05-25T14:47:00","date_gmt":"2017-05-25T12:47:00","guid":{"rendered":"http:\/\/leclosdescheminees.info\/?page_id=26"},"modified":"2023-06-01T12:57:41","modified_gmt":"2023-06-01T10:57:41","slug":"salle-de-reception-leclosdescheminees-info-lieu","status":"publish","type":"page","link":"https:\/\/leclosdescheminees.info\/index.php\/salle-de-reception-leclosdescheminees-info-lieu\/","title":{"rendered":"Le lieu"},"content":{"rendered":"<div id=\"metaslider-id-281\" style=\"width: 100%; margin: 0 auto;\" class=\"ml-slider-3-94-0 metaslider metaslider-nivo metaslider-281 ml-slider ms-theme-default\" role=\"region\" aria-roledescription=\"Slideshow\" aria-label=\"Le lieu\">\n    <div id=\"metaslider_container_281\">\n        <div class='slider-wrapper theme-default'><div class='ribbon'><\/div><div id='metaslider_281' class='nivoSlider'><img width=\"4912\" height=\"1772\" src=\"https:\/\/leclosdescheminees.info\/wp-content\/uploads\/2023\/03\/2.1.lelieu-exterieur-portail-1.jpg\" class=\"slider-281 slide-658\" alt=\"Le Clos des Chemin\u00e9es - le portail d&#039;entr\u00e9e\" decoding=\"async\" loading=\"lazy\" data-caption=\"\" data-thumb=\"\" title=\"Le Clos des Chemin\u00e9es - le portail d&#039;entr\u00e9e\" rel=\"\" srcset=\"https:\/\/leclosdescheminees.info\/wp-content\/uploads\/2023\/03\/2.1.lelieu-exterieur-portail-1.jpg 4912w, https:\/\/leclosdescheminees.info\/wp-content\/uploads\/2023\/03\/2.1.lelieu-exterieur-portail-1-300x108.jpg 300w, https:\/\/leclosdescheminees.info\/wp-content\/uploads\/2023\/03\/2.1.lelieu-exterieur-portail-1-768x277.jpg 768w, https:\/\/leclosdescheminees.info\/wp-content\/uploads\/2023\/03\/2.1.lelieu-exterieur-portail-1-1024x369.jpg 1024w\" sizes=\"(max-width: 4912px) 100vw, 4912px\" \/><img width=\"4912\" height=\"1772\" src=\"https:\/\/leclosdescheminees.info\/wp-content\/uploads\/2023\/03\/2.2.lelieu-salle-1.jpg\" class=\"slider-281 slide-657\" alt=\"Le Clos des Chemin\u00e9es - la salle de r\u00e9ception\" decoding=\"async\" loading=\"lazy\" data-caption=\"\" data-thumb=\"\" title=\"Le Clos des Chemin\u00e9es - la salle de r\u00e9ception\" rel=\"\" srcset=\"https:\/\/leclosdescheminees.info\/wp-content\/uploads\/2023\/03\/2.2.lelieu-salle-1.jpg 4912w, https:\/\/leclosdescheminees.info\/wp-content\/uploads\/2023\/03\/2.2.lelieu-salle-1-300x108.jpg 300w, https:\/\/leclosdescheminees.info\/wp-content\/uploads\/2023\/03\/2.2.lelieu-salle-1-768x277.jpg 768w, https:\/\/leclosdescheminees.info\/wp-content\/uploads\/2023\/03\/2.2.lelieu-salle-1-1024x369.jpg 1024w\" sizes=\"(max-width: 4912px) 100vw, 4912px\" \/><img width=\"6550\" height=\"2362\" src=\"https:\/\/leclosdescheminees.info\/wp-content\/uploads\/2023\/03\/2.3.lelieu-photo-exterieurparc-1.jpg\" class=\"slider-281 slide-656\" alt=\"Le Clos des Chemin\u00e9es - Vue du Parc\" decoding=\"async\" loading=\"lazy\" data-caption=\"\" data-thumb=\"\" title=\"Le Clos des Chemin\u00e9es - Vue du Parc\" rel=\"\" srcset=\"https:\/\/leclosdescheminees.info\/wp-content\/uploads\/2023\/03\/2.3.lelieu-photo-exterieurparc-1.jpg 6550w, https:\/\/leclosdescheminees.info\/wp-content\/uploads\/2023\/03\/2.3.lelieu-photo-exterieurparc-1-300x108.jpg 300w, https:\/\/leclosdescheminees.info\/wp-content\/uploads\/2023\/03\/2.3.lelieu-photo-exterieurparc-1-768x277.jpg 768w, https:\/\/leclosdescheminees.info\/wp-content\/uploads\/2023\/03\/2.3.lelieu-photo-exterieurparc-1-1024x369.jpg 1024w\" sizes=\"(max-width: 6550px) 100vw, 6550px\" \/><img width=\"4912\" height=\"1772\" src=\"https:\/\/leclosdescheminees.info\/wp-content\/uploads\/2023\/03\/2.4.lelieu-bilbo-1.jpg\" class=\"slider-281 slide-655\" alt=\"Le Clos des Chemin\u00e9es - la Bilbonni\u00e8re\" decoding=\"async\" loading=\"lazy\" data-caption=\"\" data-thumb=\"\" title=\"Le Clos des Chemin\u00e9es - la Bilbonni\u00e8re\" rel=\"\" srcset=\"https:\/\/leclosdescheminees.info\/wp-content\/uploads\/2023\/03\/2.4.lelieu-bilbo-1.jpg 4912w, https:\/\/leclosdescheminees.info\/wp-content\/uploads\/2023\/03\/2.4.lelieu-bilbo-1-300x108.jpg 300w, https:\/\/leclosdescheminees.info\/wp-content\/uploads\/2023\/03\/2.4.lelieu-bilbo-1-768x277.jpg 768w, https:\/\/leclosdescheminees.info\/wp-content\/uploads\/2023\/03\/2.4.lelieu-bilbo-1-1024x369.jpg 1024w\" sizes=\"(max-width: 4912px) 100vw, 4912px\" \/><img width=\"2238\" height=\"807\" src=\"https:\/\/leclosdescheminees.info\/wp-content\/uploads\/2023\/06\/2.5.lelieu-salle-cheminee.jpg\" class=\"slider-281 slide-967\" alt=\"\" decoding=\"async\" loading=\"lazy\" data-caption=\"\" data-thumb=\"\" title=\"2.5.lelieu-salle-cheminee\" rel=\"\" srcset=\"https:\/\/leclosdescheminees.info\/wp-content\/uploads\/2023\/06\/2.5.lelieu-salle-cheminee.jpg 2238w, https:\/\/leclosdescheminees.info\/wp-content\/uploads\/2023\/06\/2.5.lelieu-salle-cheminee-300x108.jpg 300w, https:\/\/leclosdescheminees.info\/wp-content\/uploads\/2023\/06\/2.5.lelieu-salle-cheminee-1024x369.jpg 1024w, https:\/\/leclosdescheminees.info\/wp-content\/uploads\/2023\/06\/2.5.lelieu-salle-cheminee-768x277.jpg 768w, https:\/\/leclosdescheminees.info\/wp-content\/uploads\/2023\/06\/2.5.lelieu-salle-cheminee-1536x554.jpg 1536w, https:\/\/leclosdescheminees.info\/wp-content\/uploads\/2023\/06\/2.5.lelieu-salle-cheminee-2048x738.jpg 2048w\" sizes=\"(max-width: 2238px) 100vw, 2238px\" \/><img width=\"4912\" height=\"1772\" src=\"https:\/\/leclosdescheminees.info\/wp-content\/uploads\/2023\/03\/2.6.lelieu-salle-1.jpg\" class=\"slider-281 slide-654\" alt=\"Le Clos des Chemin\u00e9es - la salle de r\u00e9ception\" decoding=\"async\" loading=\"lazy\" data-caption=\"\" data-thumb=\"\" title=\"Le Clos des Chemin\u00e9es - la salle de r\u00e9ception\" rel=\"\" srcset=\"https:\/\/leclosdescheminees.info\/wp-content\/uploads\/2023\/03\/2.6.lelieu-salle-1.jpg 4912w, https:\/\/leclosdescheminees.info\/wp-content\/uploads\/2023\/03\/2.6.lelieu-salle-1-300x108.jpg 300w, https:\/\/leclosdescheminees.info\/wp-content\/uploads\/2023\/03\/2.6.lelieu-salle-1-768x277.jpg 768w, https:\/\/leclosdescheminees.info\/wp-content\/uploads\/2023\/03\/2.6.lelieu-salle-1-1024x369.jpg 1024w\" sizes=\"(max-width: 4912px) 100vw, 4912px\" \/><img width=\"4912\" height=\"1772\" src=\"https:\/\/leclosdescheminees.info\/wp-content\/uploads\/2023\/03\/2.7.lelieu-cheminee-1.jpg\" class=\"slider-281 slide-653\" alt=\"Le Clos des Chemin\u00e9es - la chemin\u00e9e principale\" decoding=\"async\" loading=\"lazy\" data-caption=\"\" data-thumb=\"\" title=\"Le Clos des Chemin\u00e9es - la chemin\u00e9e principale\" rel=\"\" srcset=\"https:\/\/leclosdescheminees.info\/wp-content\/uploads\/2023\/03\/2.7.lelieu-cheminee-1.jpg 4912w, https:\/\/leclosdescheminees.info\/wp-content\/uploads\/2023\/03\/2.7.lelieu-cheminee-1-300x108.jpg 300w, https:\/\/leclosdescheminees.info\/wp-content\/uploads\/2023\/03\/2.7.lelieu-cheminee-1-768x277.jpg 768w, https:\/\/leclosdescheminees.info\/wp-content\/uploads\/2023\/03\/2.7.lelieu-cheminee-1-1024x369.jpg 1024w\" sizes=\"(max-width: 4912px) 100vw, 4912px\" \/><img width=\"4912\" height=\"1772\" src=\"https:\/\/leclosdescheminees.info\/wp-content\/uploads\/2023\/03\/2.8.lelieu-salle-cuisine-1.jpg\" class=\"slider-281 slide-652\" alt=\"Le Clos des Chemin\u00e9es - cuisine office\" decoding=\"async\" loading=\"lazy\" data-caption=\"\" data-thumb=\"\" title=\"Le Clos des Chemin\u00e9es - cuisine office\" rel=\"\" srcset=\"https:\/\/leclosdescheminees.info\/wp-content\/uploads\/2023\/03\/2.8.lelieu-salle-cuisine-1.jpg 4912w, https:\/\/leclosdescheminees.info\/wp-content\/uploads\/2023\/03\/2.8.lelieu-salle-cuisine-1-300x108.jpg 300w, https:\/\/leclosdescheminees.info\/wp-content\/uploads\/2023\/03\/2.8.lelieu-salle-cuisine-1-768x277.jpg 768w, https:\/\/leclosdescheminees.info\/wp-content\/uploads\/2023\/03\/2.8.lelieu-salle-cuisine-1-1024x369.jpg 1024w\" sizes=\"(max-width: 4912px) 100vw, 4912px\" \/><img width=\"6550\" height=\"2362\" src=\"https:\/\/leclosdescheminees.info\/wp-content\/uploads\/2023\/03\/2.9.lelieu-salle-1.jpg\" class=\"slider-281 slide-651\" alt=\"Le Clos des Chemin\u00e9es - salle de r\u00e9ception\" decoding=\"async\" loading=\"lazy\" data-caption=\"\" data-thumb=\"\" title=\"Le Clos des Chemin\u00e9es - salle de r\u00e9ception\" rel=\"\" srcset=\"https:\/\/leclosdescheminees.info\/wp-content\/uploads\/2023\/03\/2.9.lelieu-salle-1.jpg 6550w, https:\/\/leclosdescheminees.info\/wp-content\/uploads\/2023\/03\/2.9.lelieu-salle-1-300x108.jpg 300w, https:\/\/leclosdescheminees.info\/wp-content\/uploads\/2023\/03\/2.9.lelieu-salle-1-768x277.jpg 768w, https:\/\/leclosdescheminees.info\/wp-content\/uploads\/2023\/03\/2.9.lelieu-salle-1-1024x369.jpg 1024w\" sizes=\"(max-width: 6550px) 100vw, 6550px\" \/><img width=\"4912\" height=\"1772\" src=\"https:\/\/leclosdescheminees.info\/wp-content\/uploads\/2023\/03\/2.10.lelieu-exterieur-parcsoleil-1.jpg\" class=\"slider-281 slide-650\" alt=\"Le Clos des Chemin\u00e9es - coucher de soleil dans le parc\" decoding=\"async\" loading=\"lazy\" data-caption=\"\" data-thumb=\"\" title=\"Le Clos des Chemin\u00e9es - coucher de soleil dans le parc\" rel=\"\" srcset=\"https:\/\/leclosdescheminees.info\/wp-content\/uploads\/2023\/03\/2.10.lelieu-exterieur-parcsoleil-1.jpg 4912w, https:\/\/leclosdescheminees.info\/wp-content\/uploads\/2023\/03\/2.10.lelieu-exterieur-parcsoleil-1-300x108.jpg 300w, https:\/\/leclosdescheminees.info\/wp-content\/uploads\/2023\/03\/2.10.lelieu-exterieur-parcsoleil-1-768x277.jpg 768w, https:\/\/leclosdescheminees.info\/wp-content\/uploads\/2023\/03\/2.10.lelieu-exterieur-parcsoleil-1-1024x369.jpg 1024w\" sizes=\"(max-width: 4912px) 100vw, 4912px\" \/><img width=\"4912\" height=\"1772\" src=\"https:\/\/leclosdescheminees.info\/wp-content\/uploads\/2023\/03\/2.11.lelieu-exterieurparcchene-1.jpg\" class=\"slider-281 slide-649\" alt=\"Le Clos des Chemin\u00e9es - ch\u00eane dans le parc\" decoding=\"async\" loading=\"lazy\" data-caption=\"\" data-thumb=\"\" title=\"Le Clos des Chemin\u00e9es - ch\u00eane dans le parc\" rel=\"\" srcset=\"https:\/\/leclosdescheminees.info\/wp-content\/uploads\/2023\/03\/2.11.lelieu-exterieurparcchene-1.jpg 4912w, https:\/\/leclosdescheminees.info\/wp-content\/uploads\/2023\/03\/2.11.lelieu-exterieurparcchene-1-300x108.jpg 300w, https:\/\/leclosdescheminees.info\/wp-content\/uploads\/2023\/03\/2.11.lelieu-exterieurparcchene-1-768x277.jpg 768w, https:\/\/leclosdescheminees.info\/wp-content\/uploads\/2023\/03\/2.11.lelieu-exterieurparcchene-1-1024x369.jpg 1024w\" sizes=\"(max-width: 4912px) 100vw, 4912px\" \/><\/div><\/div>\n        \n    <\/div>\n<\/div>\n<p>&nbsp;<\/p>\n<p><span class=\"txtgris11\">\u00c0 1h45 de Paris, au coeur du Perche, L<strong>e Clos des Chemin\u00e9es<\/strong> offre la magie d\u2019une architecture traditionnelle dans un \u00e9crin de nature.<\/span><\/p>\n<p><span class=\"txtgris11\">Pierres de taille et enduits ocres r\u00e9pondent aux ch\u00eanes centenaires et au paysage verdoyant.<\/span><\/p>\n<p>A 1h45 de Paris, au c\u0153ur du Perche, Le Clos des Chemin\u00e9es offre la magie d\u2019une architecture<br \/>\ntraditionnelle dans un \u00e9crin de nature.<\/p>\n<p>Pierres de taille et enduits ocres r\u00e9pondent aux ch\u00eanes centenaires et au paysage verdoyant.<br \/>\nOuvert sur un terrain vallonn\u00e9 avec verger et vue sur les collines du Perche, le Clos des<br \/>\nChemin\u00e9es peut accueillir jusqu\u2019\u00e0 300 personnes pour vos r\u00e9ceptions, mariages, banquets,<br \/>\nsoir\u00e9es priv\u00e9es et s\u00e9minaires !<\/p>\n<p>&nbsp;<\/p>\n<p>ngg_shortcode_0_placeholder<span class=\"txtgris11\">&nbsp;<\/span><\/p>\n<p style=\"text-align: center;\"><a href=\"http:\/\/leclosdescheminees.info\/index.php\/visites-virtuelles\/\" target=\"_blank\" rel=\"noopener noreferrer\"><strong>Visitez le Clos des Chemin\u00e9es comme si vous y \u00e9tiez en d\u00e9couvrant nos diff\u00e9rentes visites virtuelles.<\/strong><\/a><\/p>\n","protected":false},"excerpt":{"rendered":"<p>&nbsp; \u00c0 1h45 de Paris, au coeur du Perche, Le Clos des Chemin\u00e9es offre la magie d\u2019une architecture traditionnelle dans un \u00e9crin de nature. Pierres de taille et enduits ocres r\u00e9pondent aux ch\u00eanes centenaires et au paysage verdoyant. A 1h45&hellip; <\/p>\n","protected":false},"author":1,"featured_media":0,"parent":0,"menu_order":0,"comment_status":"closed","ping_status":"closed","template":"","meta":{"ngg_post_thumbnail":0},"yoast_head":"<!-- This site is optimized with the Yoast SEO plugin v21.8 - https:\/\/yoast.com\/wordpress\/plugins\/seo\/ -->\n<title>Le lieu - Le Clos des Chemin\u00e9es<\/title>\n<meta name=\"description\" content=\"Salle de r\u00e9ception au coeur du Perche, le Clos des Chemin\u00e9es vous accueille pour vos \u00e9v\u00e8nements, mariages et s\u00e9minaires \u00e0 1H30 de Paris.\" \/>\n<meta name=\"robots\" content=\"index, follow, max-snippet:-1, max-image-preview:large, max-video-preview:-1\" \/>\n<link rel=\"canonical\" href=\"https:\/\/leclosdescheminees.info\/index.php\/salle-de-reception-leclosdescheminees-info-lieu\/\" \/>\n<meta property=\"og:locale\" content=\"fr_FR\" \/>\n<meta property=\"og:type\" content=\"article\" \/>\n<meta property=\"og:title\" content=\"Le lieu - Le Clos des Chemin\u00e9es\" \/>\n<meta property=\"og:description\" content=\"Salle de r\u00e9ception au coeur du Perche, le Clos des Chemin\u00e9es vous accueille pour vos \u00e9v\u00e8nements, mariages et s\u00e9minaires \u00e0 1H30 de Paris.\" \/>\n<meta property=\"og:url\" content=\"https:\/\/leclosdescheminees.info\/index.php\/salle-de-reception-leclosdescheminees-info-lieu\/\" \/>\n<meta property=\"og:site_name\" content=\"Le Clos des Chemin\u00e9es\" \/>\n<meta property=\"article:modified_time\" content=\"2023-06-01T10:57:41+00:00\" \/>\n<meta name=\"twitter:card\" content=\"summary_large_image\" \/>\n<meta name=\"twitter:label1\" content=\"Dur\u00e9e de lecture estim\u00e9e\" \/>\n\t<meta name=\"twitter:data1\" content=\"1 minute\" \/>\n<script type=\"application\/ld+json\" class=\"yoast-schema-graph\">{\"@context\":\"https:\/\/schema.org\",\"@graph\":[{\"@type\":\"WebPage\",\"@id\":\"https:\/\/leclosdescheminees.info\/index.php\/salle-de-reception-leclosdescheminees-info-lieu\/\",\"url\":\"https:\/\/leclosdescheminees.info\/index.php\/salle-de-reception-leclosdescheminees-info-lieu\/\",\"name\":\"Le lieu - Le Clos des Chemin\u00e9es\",\"isPartOf\":{\"@id\":\"https:\/\/leclosdescheminees.info\/#website\"},\"datePublished\":\"2017-05-25T12:47:00+00:00\",\"dateModified\":\"2023-06-01T10:57:41+00:00\",\"description\":\"Salle de r\u00e9ception au coeur du Perche, le Clos des Chemin\u00e9es vous accueille pour vos \u00e9v\u00e8nements, mariages et s\u00e9minaires \u00e0 1H30 de Paris.\",\"breadcrumb\":{\"@id\":\"https:\/\/leclosdescheminees.info\/index.php\/salle-de-reception-leclosdescheminees-info-lieu\/#breadcrumb\"},\"inLanguage\":\"fr-FR\",\"potentialAction\":[{\"@type\":\"ReadAction\",\"target\":[\"https:\/\/leclosdescheminees.info\/index.php\/salle-de-reception-leclosdescheminees-info-lieu\/\"]}]},{\"@type\":\"BreadcrumbList\",\"@id\":\"https:\/\/leclosdescheminees.info\/index.php\/salle-de-reception-leclosdescheminees-info-lieu\/#breadcrumb\",\"itemListElement\":[{\"@type\":\"ListItem\",\"position\":1,\"name\":\"Accueil\",\"item\":\"https:\/\/leclosdescheminees.info\/\"},{\"@type\":\"ListItem\",\"position\":2,\"name\":\"Le lieu\"}]},{\"@type\":\"WebSite\",\"@id\":\"https:\/\/leclosdescheminees.info\/#website\",\"url\":\"https:\/\/leclosdescheminees.info\/\",\"name\":\"Le Clos des Chemin\u00e9es\",\"description\":\"Mariages, banquets, s\u00e9minaires, bals, spectacles\",\"potentialAction\":[{\"@type\":\"SearchAction\",\"target\":{\"@type\":\"EntryPoint\",\"urlTemplate\":\"https:\/\/leclosdescheminees.info\/?s={search_term_string}\"},\"query-input\":\"required name=search_term_string\"}],\"inLanguage\":\"fr-FR\"}]}<\/script>\n<!-- \/ Yoast SEO plugin. -->","yoast_head_json":{"title":"Le lieu - Le Clos des Chemin\u00e9es","description":"Salle de r\u00e9ception au coeur du Perche, le Clos des Chemin\u00e9es vous accueille pour vos \u00e9v\u00e8nements, mariages et s\u00e9minaires \u00e0 1H30 de Paris.","robots":{"index":"index","follow":"follow","max-snippet":"max-snippet:-1","max-image-preview":"max-image-preview:large","max-video-preview":"max-video-preview:-1"},"canonical":"https:\/\/leclosdescheminees.info\/index.php\/salle-de-reception-leclosdescheminees-info-lieu\/","og_locale":"fr_FR","og_type":"article","og_title":"Le lieu - Le Clos des Chemin\u00e9es","og_description":"Salle de r\u00e9ception au coeur du Perche, le Clos des Chemin\u00e9es vous accueille pour vos \u00e9v\u00e8nements, mariages et s\u00e9minaires \u00e0 1H30 de Paris.","og_url":"https:\/\/leclosdescheminees.info\/index.php\/salle-de-reception-leclosdescheminees-info-lieu\/","og_site_name":"Le Clos des Chemin\u00e9es","article_modified_time":"2023-06-01T10:57:41+00:00","twitter_card":"summary_large_image","twitter_misc":{"Dur\u00e9e de lecture estim\u00e9e":"1 minute"},"schema":{"@context":"https:\/\/schema.org","@graph":[{"@type":"WebPage","@id":"https:\/\/leclosdescheminees.info\/index.php\/salle-de-reception-leclosdescheminees-info-lieu\/","url":"https:\/\/leclosdescheminees.info\/index.php\/salle-de-reception-leclosdescheminees-info-lieu\/","name":"Le lieu - Le Clos des Chemin\u00e9es","isPartOf":{"@id":"https:\/\/leclosdescheminees.info\/#website"},"datePublished":"2017-05-25T12:47:00+00:00","dateModified":"2023-06-01T10:57:41+00:00","description":"Salle de r\u00e9ception au coeur du Perche, le Clos des Chemin\u00e9es vous accueille pour vos \u00e9v\u00e8nements, mariages et s\u00e9minaires \u00e0 1H30 de Paris.","breadcrumb":{"@id":"https:\/\/leclosdescheminees.info\/index.php\/salle-de-reception-leclosdescheminees-info-lieu\/#breadcrumb"},"inLanguage":"fr-FR","potentialAction":[{"@type":"ReadAction","target":["https:\/\/leclosdescheminees.info\/index.php\/salle-de-reception-leclosdescheminees-info-lieu\/"]}]},{"@type":"BreadcrumbList","@id":"https:\/\/leclosdescheminees.info\/index.php\/salle-de-reception-leclosdescheminees-info-lieu\/#breadcrumb","itemListElement":[{"@type":"ListItem","position":1,"name":"Accueil","item":"https:\/\/leclosdescheminees.info\/"},{"@type":"ListItem","position":2,"name":"Le lieu"}]},{"@type":"WebSite","@id":"https:\/\/leclosdescheminees.info\/#website","url":"https:\/\/leclosdescheminees.info\/","name":"Le Clos des Chemin\u00e9es","description":"Mariages, banquets, s\u00e9minaires, bals, spectacles","potentialAction":[{"@type":"SearchAction","target":{"@type":"EntryPoint","urlTemplate":"https:\/\/leclosdescheminees.info\/?s={search_term_string}"},"query-input":"required name=search_term_string"}],"inLanguage":"fr-FR"}]}},"_links":{"self":[{"href":"https:\/\/leclosdescheminees.info\/index.php\/wp-json\/wp\/v2\/pages\/26"}],"collection":[{"href":"https:\/\/leclosdescheminees.info\/index.php\/wp-json\/wp\/v2\/pages"}],"about":[{"href":"https:\/\/leclosdescheminees.info\/index.php\/wp-json\/wp\/v2\/types\/page"}],"author":[{"embeddable":true,"href":"https:\/\/leclosdescheminees.info\/index.php\/wp-json\/wp\/v2\/users\/1"}],"replies":[{"embeddable":true,"href":"https:\/\/leclosdescheminees.info\/index.php\/wp-json\/wp\/v2\/comments?post=26"}],"version-history":[{"count":23,"href":"https:\/\/leclosdescheminees.info\/index.php\/wp-json\/wp\/v2\/pages\/26\/revisions"}],"predecessor-version":[{"id":963,"href":"https:\/\/leclosdescheminees.info\/index.php\/wp-json\/wp\/v2\/pages\/26\/revisions\/963"}],"wp:attachment":[{"href":"https:\/\/leclosdescheminees.info\/index.php\/wp-json\/wp\/v2\/media?parent=26"}],"curies":[{"name":"wp","href":"https:\/\/api.w.org\/{rel}","templated":true}]}}