{"id":50,"date":"2017-05-25T15:02:02","date_gmt":"2017-05-25T13:02:02","guid":{"rendered":"http:\/\/leclosdescheminees.info\/?page_id=50"},"modified":"2025-01-07T12:02:12","modified_gmt":"2025-01-07T11:02:12","slug":"salle-de-reception-leclosdescheminees-options-24-couchages-bilbonniere","status":"publish","type":"page","link":"https:\/\/leclosdescheminees.info\/index.php\/salle-de-reception-leclosdescheminees-options-24-couchages-bilbonniere\/","title":{"rendered":"H\u00e9bergement"},"content":{"rendered":"<div class=\"page\" title=\"Page 1\">\n<div class=\"section\">\n<div class=\"layoutArea\">\n<div class=\"column\">\n<p style=\"padding-left: 30px;\">&nbsp;<\/p>\n<p style=\"padding-left: 30px;\">26 couchages au total.<br \/>\nJour d\u2019arrive\u0301e, perception des cle\u0301s a\u0300 partir de 17h.<br \/>\nJour de de\u0301part, restitution des cle\u0301s avant 12h.<br \/>\n<span style=\"font-size: revert; color: initial; font-family: -apple-system, BlinkMacSystemFont, 'Segoe UI', Roboto, Oxygen-Sans, Ubuntu, Cantarell, 'Helvetica Neue', sans-serif;\">Nous pouvons vous fournir les draps pour 25\u20ac les lits doubles et 15\u20ac les lits simples. (drap housse taie d\u2019oreiller et housse de couette), les lits sont a\u0300 faire par vos soins.<\/span><\/p>\n<p style=\"padding-left: 30px;\">&nbsp;<\/p>\n<\/div>\n<\/div>\n<\/div>\n<\/div>\n<h6><span style=\"color: #ff6600;\">La Bilbonni\u00e8re (2 couchages)<\/span><strong><span style=\"color: #ff6600;\"><br \/>\n<\/span><\/strong><\/h6>\n<div class=\"page\" title=\"Page 1\">\n<div class=\"section\">\n<div class=\"layoutArea\">\n<div class=\"column\">\n<p style=\"padding-left: 30px;\">1 lit double<\/p>\n<p style=\"padding-left: 30px;\">Au fond du parc vous attend un de\u0301paysement inattendu.<br \/>\nLa Bilbonnie\u0300re vous plongera dans le monde de la Comte\u0301 des Hobbits. Ce logement insolite vous offre une chambre avec lit double, une baignoire en bois avec balne\u0301o et jacuzzi et WC se\u0301pare\u0301s.<br \/>\nTout est pre\u0302t pour votre de\u0301tente dans un de\u0301cor idyllique ou\u0300 chaque meuble et chaque de\u0301tail a e\u0301te\u0301 choisi avec soin.<\/p>\n<p style=\"padding-left: 30px;\">TARIF : 155 \u20ac\/nuit.<\/p>\n<\/div>\n<\/div>\n<\/div>\n<\/div>\n<div id=\"metaslider-id-319\" style=\"max-width: 976px;\" class=\"ml-slider-3-94-0 metaslider metaslider-nivo metaslider-319 ml-slider ms-theme-default\" role=\"region\" aria-roledescription=\"Slideshow\" aria-label=\"Bilbonniere\">\n    <div id=\"metaslider_container_319\">\n        <div class='slider-wrapper theme-default'><div class='ribbon'><\/div><div id='metaslider_319' class='nivoSlider'><img src=\"https:\/\/leclosdescheminees.info\/wp-content\/uploads\/2023\/03\/6.1.1.option-bilbo-976x400.jpg\" height=\"400\" width=\"976\" title=\"La Bilbonni\u00e8re\" alt=\"La Bilbonni\u00e8re\" class=\"slider-319 slide-759\" \/><img src=\"https:\/\/leclosdescheminees.info\/wp-content\/uploads\/2023\/03\/6.1.2.option-bilbo-1-976x400.jpeg\" height=\"400\" width=\"976\" title=\"La Bilbonni\u00e8re\" alt=\"La Bilbonni\u00e8re\" class=\"slider-319 slide-755\" \/><img src=\"https:\/\/leclosdescheminees.info\/wp-content\/uploads\/2023\/03\/6.1.3.option-bilbo-1-976x400.jpg\" height=\"400\" width=\"976\" title=\"La Bilbonni\u00e8re\" alt=\"La Bilbonni\u00e8re\" class=\"slider-319 slide-756\" \/><img src=\"https:\/\/leclosdescheminees.info\/wp-content\/uploads\/2023\/03\/6.1.4.option-bilbo-1-976x400.jpg\" height=\"400\" width=\"976\" title=\"La Bilbonni\u00e8re\" alt=\"La Bilbonni\u00e8re\" class=\"slider-319 slide-757\" \/><img src=\"https:\/\/leclosdescheminees.info\/wp-content\/uploads\/2023\/03\/6.1.5.option-bilbo-hiver-976x400.jpg\" height=\"400\" width=\"976\" title=\"La Bilbonni\u00e8re\" alt=\"La Bilbonni\u00e8re\" class=\"slider-319 slide-762\" \/><img src=\"https:\/\/leclosdescheminees.info\/wp-content\/uploads\/2023\/03\/6.1.6.option-bilbo-automne-976x400.jpg\" height=\"400\" width=\"976\" title=\"La Bilbonni\u00e8re\" alt=\"La Bilbonni\u00e8re\" class=\"slider-319 slide-763\" \/><\/div><\/div>\n        \n    <\/div>\n<\/div>\n<p>&nbsp;<\/p>\n<h6><span style=\"color: #ff6600;\">La loge des Cueilleurs de Miel <\/span><span style=\"color: #ff6600;\">(3 couchages)<\/span><\/h6>\n<div class=\"page\" title=\"Page 1\">\n<div class=\"section\">\n<div class=\"layoutArea\">\n<div class=\"column\">\n<p style=\"padding-left: 30px;\">1 lit double et 1 lit simple<\/p>\n<p style=\"padding-left: 30px;\">Un escalier en pierre sur vou\u0302te vous me\u0300nera a\u0300 un petite suite pleine de charme, a\u0300 l\u2019e\u0301tage du Clos des Chemine\u0301es. Une pie\u0300ce avec lit simple en enfilade avec une chambre avec lit double donnant sur le parc avec meubles traditionnels, salle de douche\/WC avec e\u0301vier en pierre. La Loge des Cueilleurs de Miel est un le lieu ide\u0301al pour le repos d\u2019un couple avec enfant !<\/p>\n<p style=\"padding-left: 30px;\">TARIF : 165 \u20ac\/nuit.<\/p>\n<\/div>\n<\/div>\n<\/div>\n<\/div>\n<p><span class=\"titre\"><div id=\"metaslider-id-270\" style=\"max-width: 976px;\" class=\"ml-slider-3-94-0 metaslider metaslider-nivo metaslider-270 ml-slider ms-theme-default\" role=\"region\" aria-roledescription=\"Slideshow\" aria-label=\"Loge des cueilleurs de miel\">\n    <div id=\"metaslider_container_270\">\n        <div class='slider-wrapper theme-default'><div class='ribbon'><\/div><div id='metaslider_270' class='nivoSlider'><img src=\"https:\/\/leclosdescheminees.info\/wp-content\/uploads\/2023\/03\/6.2.1.option-miel-entree-976x352.jpg\" height=\"352\" width=\"976\" title=\"Loge des cueilleurs de miel\" alt=\"Loge des cueilleurs de miel\" class=\"slider-270 slide-771\" \/><img src=\"https:\/\/leclosdescheminees.info\/wp-content\/uploads\/2023\/03\/6.2.2.option-miel-976x352.jpg\" height=\"352\" width=\"976\" title=\"Loge des cueilleurs de miel\" alt=\"\" class=\"slider-270 slide-772\" \/><img src=\"https:\/\/leclosdescheminees.info\/wp-content\/uploads\/2023\/03\/6.2.3.option-miel-sdb-976x352.jpeg\" height=\"352\" width=\"976\" title=\"Loge des cueilleurs de miel\" alt=\"Loge des cueilleurs de miel\" class=\"slider-270 slide-773\" \/><img src=\"https:\/\/leclosdescheminees.info\/wp-content\/uploads\/2023\/03\/6.2.4.option-miel-976x352.jpg\" height=\"352\" width=\"976\" title=\"Loge des cueilleurs de miel\" alt=\"Loge des cueilleurs de miel\" class=\"slider-270 slide-774\" \/><img src=\"https:\/\/leclosdescheminees.info\/wp-content\/uploads\/2023\/03\/6.2.5.option-miel-976x352.jpeg\" height=\"352\" width=\"976\" title=\"Loge des cueilleurs de miel\" alt=\"Loge des cueilleurs de miel\" class=\"slider-270 slide-775\" \/><img src=\"https:\/\/leclosdescheminees.info\/wp-content\/uploads\/2023\/03\/6.2.6.option-miel-976x352.jpg\" height=\"352\" width=\"976\" title=\"Loge des cueilleurs de miel\" alt=\"Loge des cueilleurs de miel\" class=\"slider-270 slide-776\" \/><img src=\"https:\/\/leclosdescheminees.info\/wp-content\/uploads\/2023\/03\/6.2.7.option-miel-976x352.jpg\" height=\"352\" width=\"976\" title=\"Loge des cueilleurs de miel\" alt=\"Loge des cueilleurs de miel\" class=\"slider-270 slide-777\" \/><\/div><\/div>\n        \n    <\/div>\n<\/div><\/span><\/p>\n<p>&nbsp;<\/p>\n<h6><span style=\"color: #ff6600;\">La Loge de l&rsquo;Alchimiste <\/span><span style=\"color: #ff6600;\">(5 couchages)<\/span><\/h6>\n<div class=\"page\" title=\"Page 2\">\n<div class=\"section\">\n<div class=\"layoutArea\">\n<div class=\"column\">\n<p style=\"padding-left: 30px;\">1 lit double et 3 lits simples.<\/p>\n<p style=\"padding-left: 30px;\">A\u0300 l\u2019e\u0301tage du Clos des Chemine\u0301es, la Loge de l\u2019Alchimiste se situe en haut de l\u2019escalier en pierre sur vou\u0302te. Sous l\u2019e\u0301gide de Nicolas et Pernelle Flamel, de\u0301couvrez une chambre avec un lit double, un lit simple, chemine\u0301e Louis XIV et salle de bain qui succe\u0300de a\u0300 une premie\u0300re chambre avec deux lits superpose\u0301s.<\/p>\n<p style=\"padding-left: 30px;\">TARIF : 245 \u20ac\/nuit.<\/p>\n<\/div>\n<\/div>\n<\/div>\n<\/div>\n<div id=\"metaslider-id-516\" style=\"max-width: 1000px;\" class=\"ml-slider-3-94-0 metaslider metaslider-nivo metaslider-516 ml-slider ms-theme-default\" role=\"region\" aria-roledescription=\"Slideshow\" aria-label=\"La Loge de l&#039;Alchimiste\">\n    <div id=\"metaslider_container_516\">\n        <div class='slider-wrapper theme-default'><div class='ribbon'><\/div><div id='metaslider_516' class='nivoSlider'><img src=\"https:\/\/leclosdescheminees.info\/wp-content\/uploads\/2023\/06\/4.3.1.option-alchimiste.jpg\" height=\"563\" width=\"1000\" title=\"4.3.1.option alchimiste\" alt=\"\" class=\"slider-516 slide-983\" \/><img src=\"https:\/\/leclosdescheminees.info\/wp-content\/uploads\/2023\/06\/4.3.2.option-alchimiste-998x562.jpg\" height=\"563\" width=\"1000\" title=\"4.3.2.option alchimiste\" alt=\"\" class=\"slider-516 slide-977\" \/><img src=\"https:\/\/leclosdescheminees.info\/wp-content\/uploads\/2023\/06\/4.3.3-lits-superposes.jpg\" height=\"563\" width=\"1000\" title=\"4.3.3-lits-superposes\" alt=\"\" class=\"slider-516 slide-981\" \/><img src=\"https:\/\/leclosdescheminees.info\/wp-content\/uploads\/2023\/06\/4.3.4.option-alchimiste.jpg\" height=\"563\" width=\"1000\" title=\"4.3.4.option alchimiste\" alt=\"\" class=\"slider-516 slide-978\" \/><img src=\"https:\/\/leclosdescheminees.info\/wp-content\/uploads\/2023\/06\/4.3.5.option-alchimisteIMG_7013.jpg\" height=\"563\" width=\"1000\" title=\"4.3.5.option alchimisteIMG_7013\" alt=\"\" class=\"slider-516 slide-979\" \/><img src=\"https:\/\/leclosdescheminees.info\/wp-content\/uploads\/2023\/06\/4.3.6.option-alchimiste-998x562.jpg\" height=\"563\" width=\"1000\" title=\"4.3.6.option alchimiste\" alt=\"\" class=\"slider-516 slide-980\" \/><\/div><\/div>\n        \n    <\/div>\n<\/div>\n<p>&nbsp;<\/p>\n<h6><span style=\"color: #ff6600;\">La Loge du Cocher <\/span><span style=\"color: #ff6600;\">(2 couchages)<\/span><\/h6>\n<div class=\"page\" title=\"Page 2\">\n<div class=\"section\">\n<div class=\"layoutArea\">\n<div class=\"column\">\n<div class=\"page\" title=\"Page 2\">\n<div class=\"section\">\n<div class=\"layoutArea\">\n<div class=\"column\">\n<p style=\"padding-left: 60px;\">1 lit double<\/p>\n<p style=\"padding-left: 60px;\">Attenante a\u0300 l\u2019extension de la salle de re\u0301ception, La Loge du Cocher vous invite dans l\u2019univers de la traction e\u0301questre. Une petite chambre cosy avec lit double et chemine\u0301e Louis XV se trouve au bout du couloir desservant une salle de bain avec douche et WC.<\/p>\n<p style=\"padding-left: 60px;\">TARIF : 90 \u20ac\/nuit.<strong><br \/>\n<\/strong><\/p>\n<div id=\"metaslider-id-792\" style=\"max-width: 976px;\" class=\"ml-slider-3-94-0 metaslider metaslider-nivo metaslider-792 ml-slider ms-theme-default\" role=\"region\" aria-roledescription=\"Slideshow\" aria-label=\"La loge du cocher\">\n    <div id=\"metaslider_container_792\">\n        <div class='slider-wrapper theme-default'><div class='ribbon'><\/div><div id='metaslider_792' class='nivoSlider'><img src=\"https:\/\/leclosdescheminees.info\/wp-content\/uploads\/2023\/03\/6.4.1.option-cocher-976x352.jpg\" height=\"352\" width=\"976\" title=\"La Loge du cocher\" alt=\"La Loge du cocher\" class=\"slider-792 slide-794\" \/><\/div><\/div>\n        \n    <\/div>\n<\/div>\n<\/div>\n<\/div>\n<\/div>\n<\/div>\n<\/div>\n<\/div>\n<\/div>\n<\/div>\n<p>&nbsp;<\/p>\n<h6><span style=\"color: #ff6600;\">La Loge du Grand vitrail <\/span><span style=\"color: #ff6600;\">(14 couchages)<\/span><\/h6>\n<div class=\"page\" title=\"Page 2\">\n<div class=\"section\">\n<div class=\"layoutArea\">\n<div class=\"column\">\n<div class=\"page\" title=\"Page 2\">\n<div class=\"section\">\n<div class=\"layoutArea\">\n<div class=\"column\">\n<p style=\"padding-left: 60px;\">1 lit superpos\u00e9<br \/>\n1 lit double et salle de bain.<br \/>\n2 lits doubles, un canap\u00e9 convertible et 6 lits simples avec 2 douches et une toilette s\u00e9par\u00e9e.<\/p>\n<p style=\"padding-left: 60px;\">Au fond de la salle de r\u00e9ception, un escalier h\u00e9lico\u00efdal en pierre de taille vous m\u00e8nera au Logis du Grand Vitrail.<br \/>\nPlongez dans un univers m\u00e9di\u00e9val et d\u00e9couvrez au cours de votre ascension la Chambre des Gardes avec ses deux lits superpos\u00e9s.<br \/>\nEn haut du colima\u00e7on, p\u00e9n\u00e9trez dans un salon avec plafond cath\u00e9drale, fenestrage gothique et kitchenette.<br \/>\nAu fond de la pi\u00e8ce du vitrail vous attend la Chambre de l\u2019Oiseleur avec lit double et salle de bain avec douche et WC privatif.<br \/>\nUn couloir dessert deux douches, un WC s\u00e9par\u00e9 et un escalier en bois menant \u00e0 la Chambre de l\u2019Astronome avec lit double. Sur la mezzanine de la salle cath\u00e9drale, vous trouverez un lit double et quatre lits simples.<\/p>\n<p style=\"padding-left: 60px;\">TARIF : 840 \u20ac\/nuit.&nbsp;<\/p>\n<\/div>\n<\/div>\n<\/div>\n<\/div>\n<\/div>\n<\/div>\n<\/div>\n<\/div>\n<div id=\"metaslider-id-796\" style=\"max-width: 1000px;\" class=\"ml-slider-3-94-0 metaslider metaslider-nivo metaslider-796 ml-slider ms-theme-default\" role=\"region\" aria-roledescription=\"Slideshow\" aria-label=\"La loge du grand vitrail\">\n    <div id=\"metaslider_container_796\">\n        <div class='slider-wrapper theme-default'><div class='ribbon'><\/div><div id='metaslider_796' class='nivoSlider'><img src=\"https:\/\/leclosdescheminees.info\/wp-content\/uploads\/2023\/06\/4.5.1.option-vitrail.jpg\" height=\"563\" width=\"1000\" title=\"4.5.1.option-vitrail\" alt=\"\" class=\"slider-796 slide-1001\" \/><img src=\"https:\/\/leclosdescheminees.info\/wp-content\/uploads\/2023\/06\/4.5.2.option-vitrail-gardes.jpg\" height=\"563\" width=\"1000\" title=\"4.5.2.option-vitrail-gardes\" alt=\"\" class=\"slider-796 slide-1002\" \/><img src=\"https:\/\/leclosdescheminees.info\/wp-content\/uploads\/2023\/06\/4.5.4.option-vitrail-garde.jpg\" height=\"563\" width=\"1000\" title=\"4.5.4.option-vitrail-garde\" alt=\"\" class=\"slider-796 slide-1003\" \/><img src=\"https:\/\/leclosdescheminees.info\/wp-content\/uploads\/2023\/06\/4.5.9.option-vitrail-oiseleur-sdb.jpg\" height=\"563\" width=\"1000\" title=\"4.5.9.option -vitrail-oiseleur-sdb\" alt=\"\" class=\"slider-796 slide-1004\" \/><img src=\"https:\/\/leclosdescheminees.info\/wp-content\/uploads\/2023\/06\/4.5.12.option-vitrail-sdb6.jpg\" height=\"563\" width=\"1000\" title=\"4.5.12.option-vitrail-sdb6\" alt=\"\" class=\"slider-796 slide-1005\" \/><img src=\"https:\/\/leclosdescheminees.info\/wp-content\/uploads\/2023\/06\/4.5.11.option-vitrail.jpg\" height=\"563\" width=\"1000\" title=\"4.5.11.option-vitrail\" alt=\"\" class=\"slider-796 slide-1006\" \/><img src=\"https:\/\/leclosdescheminees.info\/wp-content\/uploads\/2023\/06\/4.5.5.option-vitrail-gardes.jpg\" height=\"563\" width=\"1000\" title=\"4.5.5.option-vitrail-gardes\" alt=\"\" class=\"slider-796 slide-1007\" \/><img src=\"https:\/\/leclosdescheminees.info\/wp-content\/uploads\/2023\/06\/4.5.15.option-vitrail-escalier-998x562.jpg\" height=\"563\" width=\"1000\" title=\"4.5.15.option-vitrail -escalier\" alt=\"\" class=\"slider-796 slide-1008\" \/><img src=\"https:\/\/leclosdescheminees.info\/wp-content\/uploads\/2023\/06\/4.5.6.option-vitrail-porteoiseleur.jpg\" height=\"563\" width=\"1000\" title=\"4.5.6.option-vitrail-porteoiseleur\" alt=\"\" class=\"slider-796 slide-1009\" \/><img src=\"https:\/\/leclosdescheminees.info\/wp-content\/uploads\/2023\/06\/4.5.7.option-vitrail.jpg\" height=\"563\" width=\"1000\" title=\"4.5.7.option-vitrail\" alt=\"\" class=\"slider-796 slide-1010\" \/><img src=\"https:\/\/leclosdescheminees.info\/wp-content\/uploads\/2023\/06\/4.5.8.option-vitrail-oiseleur-998x562.jpeg\" height=\"563\" width=\"1000\" title=\"4.5.8.option -vitrail-oiseleur\" alt=\"\" class=\"slider-796 slide-1011\" \/><img src=\"https:\/\/leclosdescheminees.info\/wp-content\/uploads\/2023\/06\/4.5.13.option-vitrail-sdb-998x562.jpg\" height=\"563\" width=\"1000\" title=\"4.5.13.option-vitrail-sdb\" alt=\"\" class=\"slider-796 slide-1012\" \/><img src=\"https:\/\/leclosdescheminees.info\/wp-content\/uploads\/2023\/06\/4.5.14.option-vitrail-sdb7.jpg\" height=\"563\" width=\"1000\" title=\"4.5.14.option-vitrail-sdb7\" alt=\"\" class=\"slider-796 slide-1013\" \/><img src=\"https:\/\/leclosdescheminees.info\/wp-content\/uploads\/2023\/06\/4.5.16.option-vitrail-mezzanine3-998x562.jpg\" height=\"563\" width=\"1000\" title=\"4.5.16.option-vitrail-mezzanine3\" alt=\"\" class=\"slider-796 slide-1014\" \/><img src=\"https:\/\/leclosdescheminees.info\/wp-content\/uploads\/2023\/06\/4.5.17.option-vitrail-astronome-998x562.jpg\" height=\"563\" width=\"1000\" title=\"4.5.17.option-vitrail-astronome\" alt=\"\" class=\"slider-796 slide-1015\" \/><img src=\"https:\/\/leclosdescheminees.info\/wp-content\/uploads\/2023\/06\/4.5.10-option-vitrail-astronome-1000x563.jpg\" height=\"563\" width=\"1000\" title=\"4.5.10 option-vitrail-astronome\" alt=\"\" class=\"slider-796 slide-1017\" \/><\/div><\/div>\n        \n    <\/div>\n<\/div>\n<div class=\"page\" title=\"Page 3\">\n<div class=\"section\">\n<div class=\"layoutArea\">\n<div class=\"column\">\n<p>&nbsp;<\/p>\n<p>&nbsp;<\/p>\n<p style=\"padding-left: 30px;\">Tarif d\u00e9gressif \u00e0 partir de 2 nuits cons\u00e9cutives.&nbsp; N\u2019h\u00e9sitez pas \u00e0 nous&nbsp; contacter&nbsp;pour plus d\u2019informations.<\/p>\n<p><em>N.B. : Possibilite\u0301 de camping gratuit dans le parc du Domaine et de stationnement de campings- cars sur le parking.<\/em><\/p>\n<\/div>\n<\/div>\n<\/div>\n<\/div>\n","protected":false},"excerpt":{"rendered":"<p>&nbsp; 26 couchages au total. Jour d\u2019arrive\u0301e, perception des cle\u0301s a\u0300 partir de 17h. Jour de de\u0301part, restitution des cle\u0301s avant 12h. Nous pouvons vous fournir les draps pour 25\u20ac les lits doubles et 15\u20ac les lits simples. (drap housse&hellip; <\/p>\n","protected":false},"author":1,"featured_media":0,"parent":0,"menu_order":0,"comment_status":"closed","ping_status":"closed","template":"","meta":{"ngg_post_thumbnail":0},"yoast_head":"<!-- This site is optimized with the Yoast SEO plugin v21.8 - https:\/\/yoast.com\/wordpress\/plugins\/seo\/ -->\n<title>H\u00e9bergement - Le Clos des Chemin\u00e9es<\/title>\n<meta name=\"description\" content=\"En option, le Clos des Chemin\u00e9es propose 24 couchages dont la Bilbonni\u00e8re La loge des Cueilleurs de Miel La Loge de l\u2019Alchimiste\" \/>\n<meta name=\"robots\" content=\"index, follow, max-snippet:-1, max-image-preview:large, max-video-preview:-1\" \/>\n<link rel=\"canonical\" href=\"https:\/\/leclosdescheminees.info\/index.php\/salle-de-reception-leclosdescheminees-options-24-couchages-bilbonniere\/\" \/>\n<meta property=\"og:locale\" content=\"fr_FR\" \/>\n<meta property=\"og:type\" content=\"article\" \/>\n<meta property=\"og:title\" content=\"H\u00e9bergement - Le Clos des Chemin\u00e9es\" \/>\n<meta property=\"og:description\" content=\"En option, le Clos des Chemin\u00e9es propose 24 couchages dont la Bilbonni\u00e8re La loge des Cueilleurs de Miel La Loge de l\u2019Alchimiste\" \/>\n<meta property=\"og:url\" content=\"https:\/\/leclosdescheminees.info\/index.php\/salle-de-reception-leclosdescheminees-options-24-couchages-bilbonniere\/\" \/>\n<meta property=\"og:site_name\" content=\"Le Clos des Chemin\u00e9es\" \/>\n<meta property=\"article:modified_time\" content=\"2025-01-07T11:02:12+00:00\" \/>\n<meta name=\"twitter:card\" content=\"summary_large_image\" \/>\n<meta name=\"twitter:label1\" content=\"Dur\u00e9e de lecture estim\u00e9e\" \/>\n\t<meta name=\"twitter:data1\" content=\"3 minutes\" \/>\n<script type=\"application\/ld+json\" class=\"yoast-schema-graph\">{\"@context\":\"https:\/\/schema.org\",\"@graph\":[{\"@type\":\"WebPage\",\"@id\":\"https:\/\/leclosdescheminees.info\/index.php\/salle-de-reception-leclosdescheminees-options-24-couchages-bilbonniere\/\",\"url\":\"https:\/\/leclosdescheminees.info\/index.php\/salle-de-reception-leclosdescheminees-options-24-couchages-bilbonniere\/\",\"name\":\"H\u00e9bergement - Le Clos des Chemin\u00e9es\",\"isPartOf\":{\"@id\":\"https:\/\/leclosdescheminees.info\/#website\"},\"datePublished\":\"2017-05-25T13:02:02+00:00\",\"dateModified\":\"2025-01-07T11:02:12+00:00\",\"description\":\"En option, le Clos des Chemin\u00e9es propose 24 couchages dont la Bilbonni\u00e8re La loge des Cueilleurs de Miel La Loge de l\u2019Alchimiste\",\"breadcrumb\":{\"@id\":\"https:\/\/leclosdescheminees.info\/index.php\/salle-de-reception-leclosdescheminees-options-24-couchages-bilbonniere\/#breadcrumb\"},\"inLanguage\":\"fr-FR\",\"potentialAction\":[{\"@type\":\"ReadAction\",\"target\":[\"https:\/\/leclosdescheminees.info\/index.php\/salle-de-reception-leclosdescheminees-options-24-couchages-bilbonniere\/\"]}]},{\"@type\":\"BreadcrumbList\",\"@id\":\"https:\/\/leclosdescheminees.info\/index.php\/salle-de-reception-leclosdescheminees-options-24-couchages-bilbonniere\/#breadcrumb\",\"itemListElement\":[{\"@type\":\"ListItem\",\"position\":1,\"name\":\"Accueil\",\"item\":\"https:\/\/leclosdescheminees.info\/\"},{\"@type\":\"ListItem\",\"position\":2,\"name\":\"H\u00e9bergement\"}]},{\"@type\":\"WebSite\",\"@id\":\"https:\/\/leclosdescheminees.info\/#website\",\"url\":\"https:\/\/leclosdescheminees.info\/\",\"name\":\"Le Clos des Chemin\u00e9es\",\"description\":\"Mariages, banquets, s\u00e9minaires, bals, spectacles\",\"potentialAction\":[{\"@type\":\"SearchAction\",\"target\":{\"@type\":\"EntryPoint\",\"urlTemplate\":\"https:\/\/leclosdescheminees.info\/?s={search_term_string}\"},\"query-input\":\"required name=search_term_string\"}],\"inLanguage\":\"fr-FR\"}]}<\/script>\n<!-- \/ Yoast SEO plugin. -->","yoast_head_json":{"title":"H\u00e9bergement - Le Clos des Chemin\u00e9es","description":"En option, le Clos des Chemin\u00e9es propose 24 couchages dont la Bilbonni\u00e8re La loge des Cueilleurs de Miel La Loge de l\u2019Alchimiste","robots":{"index":"index","follow":"follow","max-snippet":"max-snippet:-1","max-image-preview":"max-image-preview:large","max-video-preview":"max-video-preview:-1"},"canonical":"https:\/\/leclosdescheminees.info\/index.php\/salle-de-reception-leclosdescheminees-options-24-couchages-bilbonniere\/","og_locale":"fr_FR","og_type":"article","og_title":"H\u00e9bergement - Le Clos des Chemin\u00e9es","og_description":"En option, le Clos des Chemin\u00e9es propose 24 couchages dont la Bilbonni\u00e8re La loge des Cueilleurs de Miel La Loge de l\u2019Alchimiste","og_url":"https:\/\/leclosdescheminees.info\/index.php\/salle-de-reception-leclosdescheminees-options-24-couchages-bilbonniere\/","og_site_name":"Le Clos des Chemin\u00e9es","article_modified_time":"2025-01-07T11:02:12+00:00","twitter_card":"summary_large_image","twitter_misc":{"Dur\u00e9e de lecture estim\u00e9e":"3 minutes"},"schema":{"@context":"https:\/\/schema.org","@graph":[{"@type":"WebPage","@id":"https:\/\/leclosdescheminees.info\/index.php\/salle-de-reception-leclosdescheminees-options-24-couchages-bilbonniere\/","url":"https:\/\/leclosdescheminees.info\/index.php\/salle-de-reception-leclosdescheminees-options-24-couchages-bilbonniere\/","name":"H\u00e9bergement - Le Clos des Chemin\u00e9es","isPartOf":{"@id":"https:\/\/leclosdescheminees.info\/#website"},"datePublished":"2017-05-25T13:02:02+00:00","dateModified":"2025-01-07T11:02:12+00:00","description":"En option, le Clos des Chemin\u00e9es propose 24 couchages dont la Bilbonni\u00e8re La loge des Cueilleurs de Miel La Loge de l\u2019Alchimiste","breadcrumb":{"@id":"https:\/\/leclosdescheminees.info\/index.php\/salle-de-reception-leclosdescheminees-options-24-couchages-bilbonniere\/#breadcrumb"},"inLanguage":"fr-FR","potentialAction":[{"@type":"ReadAction","target":["https:\/\/leclosdescheminees.info\/index.php\/salle-de-reception-leclosdescheminees-options-24-couchages-bilbonniere\/"]}]},{"@type":"BreadcrumbList","@id":"https:\/\/leclosdescheminees.info\/index.php\/salle-de-reception-leclosdescheminees-options-24-couchages-bilbonniere\/#breadcrumb","itemListElement":[{"@type":"ListItem","position":1,"name":"Accueil","item":"https:\/\/leclosdescheminees.info\/"},{"@type":"ListItem","position":2,"name":"H\u00e9bergement"}]},{"@type":"WebSite","@id":"https:\/\/leclosdescheminees.info\/#website","url":"https:\/\/leclosdescheminees.info\/","name":"Le Clos des Chemin\u00e9es","description":"Mariages, banquets, s\u00e9minaires, bals, spectacles","potentialAction":[{"@type":"SearchAction","target":{"@type":"EntryPoint","urlTemplate":"https:\/\/leclosdescheminees.info\/?s={search_term_string}"},"query-input":"required name=search_term_string"}],"inLanguage":"fr-FR"}]}},"_links":{"self":[{"href":"https:\/\/leclosdescheminees.info\/index.php\/wp-json\/wp\/v2\/pages\/50"}],"collection":[{"href":"https:\/\/leclosdescheminees.info\/index.php\/wp-json\/wp\/v2\/pages"}],"about":[{"href":"https:\/\/leclosdescheminees.info\/index.php\/wp-json\/wp\/v2\/types\/page"}],"author":[{"embeddable":true,"href":"https:\/\/leclosdescheminees.info\/index.php\/wp-json\/wp\/v2\/users\/1"}],"replies":[{"embeddable":true,"href":"https:\/\/leclosdescheminees.info\/index.php\/wp-json\/wp\/v2\/comments?post=50"}],"version-history":[{"count":87,"href":"https:\/\/leclosdescheminees.info\/index.php\/wp-json\/wp\/v2\/pages\/50\/revisions"}],"predecessor-version":[{"id":1200,"href":"https:\/\/leclosdescheminees.info\/index.php\/wp-json\/wp\/v2\/pages\/50\/revisions\/1200"}],"wp:attachment":[{"href":"https:\/\/leclosdescheminees.info\/index.php\/wp-json\/wp\/v2\/media?parent=50"}],"curies":[{"name":"wp","href":"https:\/\/api.w.org\/{rel}","templated":true}]}}